{"id":3454,"date":"2020-11-23T09:27:02","date_gmt":"2020-11-25T19:22:53","guid":{"rendered":"https:\/\/almnssa.com\/store4\/product\/case-for-samsung-galaxy-tab-s6-lite-10-4-with-keyboard-sm-p610-sm-p615-p610-p615-cover-funda-for-samsung-s6-lite-10-4-gifts\/"},"modified":"2020-12-02T14:09:30","modified_gmt":"2020-12-02T11:09:30","slug":"case-for-samsung-galaxy-tab-s6-lite-10-4-with-keyboard-sm-p610-sm-p615-p610-p615-cover-funda-for-samsung-s6-lite-10-4-gifts","status":"publish","type":"product","link":"https:\/\/almnssa.com\/store4\/ar\/product\/case-for-samsung-galaxy-tab-s6-lite-10-4-with-keyboard-sm-p610-sm-p615-p610-p615-cover-funda-for-samsung-s6-lite-10-4-gifts\/","title":{"rendered":"\u0633\u0627\u0645\u0633\u0648\u0646\u062c \u062c\u0644\u0627\u0643\u0633\u064a"},"content":{"rendered":"<div class=\"product-specs-list-container\">\n<ul class=\"product-specs-list util-clearfix\">\n<li class=\"product-prop line-limit-length\"><span class=\"property-title\">Brand Name:\u00a0<\/span><span class=\"property-desc line-limit-length\">eAmpang<\/span><\/li>\n<li class=\"product-prop line-limit-length\"><span class=\"property-title\">Type:\u00a0<\/span><span class=\"property-desc line-limit-length\">With Keyboard<\/span><\/li>\n<li class=\"product-prop line-limit-length\"><span class=\"property-title\">Application Laptop Size:\u00a0<\/span><span class=\"property-desc line-limit-length\">10.4<\/span><\/li>\n<li class=\"product-prop line-limit-length\"><span class=\"property-title\">Origin:\u00a0<\/span><span class=\"property-desc line-limit-length\">CN(Origin)<\/span><\/li>\n<li class=\"product-prop line-limit-length\"><span class=\"property-title\">Package:\u00a0<\/span><span class=\"property-desc line-limit-length\">Yes<\/span><\/li>\n<li class=\"product-prop line-limit-length\"><span class=\"property-title\">Model Number:\u00a0<\/span><span class=\"property-desc line-limit-length\">Tablet Case for Samsung Galaxy Tab s6 lite 10.4<\/span><\/li>\n<li class=\"product-prop line-limit-length\"><span class=\"property-title\">Pattern Type:\u00a0<\/span><span class=\"property-desc line-limit-length\">Solid<\/span><\/li>\n<li class=\"product-prop line-limit-length\"><span class=\"property-title\">Width:\u00a0<\/span><span class=\"property-desc line-limit-length\">15.43cm<\/span><\/li>\n<li class=\"product-prop line-limit-length\"><span class=\"property-title\">Compatible Brand:\u00a0<\/span><span class=\"property-desc line-limit-length\">For Samsung<\/span><\/li>\n<li class=\"product-prop line-limit-length\"><span class=\"property-title\">Style:\u00a0<\/span><span class=\"property-desc line-limit-length\">Fashion<\/span><\/li>\n<li class=\"product-prop line-limit-length\"><span class=\"property-title\">Model Compatibility:\u00a0<\/span><span class=\"property-desc line-limit-length\">Keyboard Case For Samsung SM-P610 SM-P615<\/span><\/li>\n<li class=\"product-prop line-limit-length\"><span class=\"property-title\">Feature:\u00a0<\/span><span class=\"property-desc line-limit-length\">Drop resistance<\/span><\/li>\n<li class=\"product-prop line-limit-length\"><span class=\"property-title\">Feature:\u00a0<\/span><span class=\"property-desc line-limit-length\">Hard<\/span><\/li>\n<li class=\"product-prop line-limit-length\"><span class=\"property-title\">Feature:\u00a0<\/span><span class=\"property-desc line-limit-length\">Shockproof<\/span><\/li>\n<li class=\"product-prop line-limit-length\"><span class=\"property-title\">Feature:\u00a0<\/span><span class=\"property-desc line-limit-length\">Anti-Dust<\/span><\/li>\n<li class=\"product-prop line-limit-length\"><span class=\"property-title\">Length:\u00a0<\/span><span class=\"property-desc line-limit-length\">24.45cm<\/span><\/li>\n<li class=\"product-prop line-limit-length\"><span class=\"property-title\">Material:\u00a0<\/span><span class=\"property-desc line-limit-length\">Leather<\/span><\/li>\n<li class=\"product-prop line-limit-length\"><span class=\"property-title\">Universal Gifts:\u00a0<\/span><span class=\"property-desc line-limit-length\">Screen Protector Film For Samsung Galaxy Tab s6 lite<\/span><\/li>\n<li class=\"product-prop line-limit-length\"><span class=\"property-title\">Compatible for 1:\u00a0<\/span><span class=\"property-desc line-limit-length\">Case For Samsung Galaxy Tab S6 Lite<\/span><\/li>\n<li class=\"product-prop line-limit-length\"><span class=\"property-title\">Features:\u00a0<\/span><span class=\"property-desc line-limit-length\">Detach bluetooth keyboard cover case<\/span><\/li>\n<li class=\"product-prop line-limit-length\"><span class=\"property-title\">Function:\u00a0<\/span><span class=\"property-desc line-limit-length\">Shockproof ,Drop resistance,Anti-Dust<\/span><\/li>\n<li class=\"product-prop line-limit-length\"><span class=\"property-title\">Compatible for 3:\u00a0<\/span><span class=\"property-desc line-limit-length\">Case For Samsung Galaxy Tab S6 lite<\/span><\/li>\n<li class=\"product-prop line-limit-length\"><span class=\"property-title\">Compatible for 4:\u00a0<\/span><span class=\"property-desc line-limit-length\">Funda Capa Coque for Samsung Galaxy Tab s6 10.4<\/span><\/li>\n<li class=\"product-prop line-limit-length\"><span class=\"property-title\">3-Special Gift if you need,Leave message:\u00a0<\/span><span class=\"property-desc line-limit-length\">German Keyboard sticker For Samsung Galaxy Tab s6 lite<\/span><\/li>\n<li class=\"product-prop line-limit-length\"><span class=\"property-title\">4-Special Gift if you need,Leave message:\u00a0<\/span><span class=\"property-desc line-limit-length\">Arabic Hebrew Keyboard sticker For Samsung Galaxy Tab s6 lite<\/span><\/li>\n<li class=\"product-prop line-limit-length\"><span class=\"property-title\">5-Special Gift if you need,Leave message:\u00a0<\/span><span class=\"property-desc line-limit-length\">Thai Japanese Korean Keyboard sticker For Samsung Galaxy Tab s6 lite<\/span><\/li>\n<li class=\"product-prop line-limit-length\"><span class=\"property-title\">6-Special Gift if you need,Leave message:\u00a0<\/span><span class=\"property-desc line-limit-length\">Portuguese Keyboard sticker For Samsung Galaxy Tab s6 lite<\/span><\/li>\n<li class=\"product-prop line-limit-length\"><span class=\"property-title\">7-Special Gift if you need,Leave message:\u00a0<\/span><span class=\"property-desc line-limit-length\">Italian Keyboard sticker For Samsung Galaxy Tab s6 lite<\/span><\/li>\n<li class=\"product-prop line-limit-length\"><span class=\"property-title\">8-Special Gift if you need,Leave message:\u00a0<\/span><span class=\"property-desc line-limit-length\">French Keyboard sticker For Samsung Galaxy Tab s6 lite<\/span><\/li>\n<li class=\"product-prop line-limit-length\"><span class=\"property-title\">0-Special Gift if you need,Leave message:\u00a0<\/span><span class=\"property-desc line-limit-length\">Arabic Keyboard sticker For Samsung Galaxy Tab s6 lite<\/span><\/li>\n<li class=\"product-prop line-limit-length\"><span class=\"property-title\">9-Special Gift if you need,Leave message:\u00a0<\/span><span class=\"property-desc line-limit-length\">Thai Japanese Keyboard sticker For Samsung Galaxy Tab s6 lite<\/span><\/li>\n<\/ul>\n<\/div>\n<div class=\"detailmodule_dynamic\">\u00a0<\/div>\n<div class=\"detailmodule_html\">\n<div class=\"detail-desc-decorate-richtext\">\n<p style=\"font-size: 13.3333px;\">\u200b<span style=\"font-family: inherit; font-style: inherit; font-weight: inherit; font-size: 20px;\">Estimado comprador de espa\u00f1a,<\/span><\/p>\n<div style=\"font-size: 13px; margin: 0px; padding: 0px; border: 0px; line-height: 16.9px; font-family: arial, helvetica, sans-serif; vertical-align: baseline;\"><span style=\"margin: 0px; padding: 0px; border: 0px; font: inherit; vertical-align: baseline;\"><span style=\"margin: 0px; padding: 0px; border: 0px; font: inherit; vertical-align: baseline;\"><span style=\"margin: 0px; padding: 0px; border: 0px; font-style: inherit; font-variant: inherit; font-weight: inherit; font-size: 20px; line-height: inherit; font-family: inherit; vertical-align: baseline;\"><span style=\"margin: 0px; padding: 0px; border: 0px; font: inherit; vertical-align: baseline;\"><span style=\"margin: 0px; padding: 0px; border: 0px; font: inherit; vertical-align: baseline;\" data-spm-anchor-id=\"a2g0s.12269583.0.i1.6c6b3ffdJo1h5o\">Si el c\u00f3digo postal de su direcci\u00f3n comienza con el 35,38,07,51,52, no elija el env\u00edo desde Espa\u00f1a, el env\u00edo de Espa\u00f1a no puede admitir la direcci\u00f3n del correo postal. Por favor, elija el env\u00edo desde China. puede enviar su pedido a trav\u00e9s de AliExpress.Gracias por su comprensi\u00f3n.<\/span><\/span><\/span><\/span><\/span><\/div>\n<p style=\"font-size: 13.3333px;\"><span style=\"font-size: 20px;\">Note:\u00a0The\u00a0Keyboard\u00a0is\u00a0English\u00a0Letters\u00a0Keyboard,\u00a0But\u00a0You\u00a0Can\u00a0Enter\u00a0All\u00a0of\u00a0Other\u00a0Languages\u00a0You\u00a0Want<\/span><\/p>\n<p style=\"font-size: 13.3333px;\"><span style=\"font-size: 20px;\">\u00a0After\u00a0You\u00a0Setting\u00a0Other\u00a0Language\u00a0and\u00a0Keyboard\u00a0in\u00a0Your\u00a0Tablet\u00a0well.\u00a0Please\u00a0Watching\u00a0the\u00a0Following\u00a0<\/span><\/p>\n<p style=\"font-size: 13.3333px;\"><span style=\"font-size: 20px;\">Video,\u00a0Thank\u00a0You!<\/span><\/p>\n<\/div>\n<\/div>\n<div class=\"detailmodule_media\">\n<div class=\"video-container-270294775480\">\n<div id=\"270294775480\" class=\"detail-video\" data-previewurl=\"https:\/\/img.alicdn.com\/imgextra\/i2\/6000000001422\/O1CN01MRBTff1MNJoRsYyUV_!!6000000001422-0-tbvideo.jpg\">\u00a0<\/div>\n<\/div>\n<\/div>\n<div class=\"detailmodule_html\">\n<div class=\"detail-desc-decorate-richtext\">\n<div style=\"font-size: 12px; clear: both;\">\n<div><span style=\"font-size: 20px;\"><span style=\"font-family: arial, helvetica, sans-serif;\">Note: The Keyboard is English Letters Keyboard, If You Need Other Language (Russian, Spanish, German, French, Japanese, \u00a0Korean, Thai, Hebrew, Arabic, Portuguese,Italian,Turkish) Letters Sticker, Please Leave Us Message ! ! !<\/span><\/span><\/div>\n<p style=\"font-family: arial, helvetica, sans-serif; font-size: 13px;\"><img src=\"https:\/\/ae01.alicdn.com\/kf\/He5e729a3420144e08d55796c7e21765eJ.jpg\" alt=\"sticker[1]\" \/><img src=\"https:\/\/ae01.alicdn.com\/kf\/He11fc0c41c954e6690a86e28460abb1fD.jpg\" alt=\"11\" \/><\/p>\n<\/div>\n<p>&nbsp;<\/p>\n<p>&nbsp;<\/p>\n<\/div>\n<\/div>\n<div class=\"detailmodule_html\">\n<div class=\"detail-desc-decorate-richtext\">\n<p style=\"font-size: 12px; font-family: arial;\"><strong><span style=\"font-size: 24px;\"><span style=\"font-family: arial, helvetica, sans-serif; font-weight: inherit;\">Product features:<\/span><\/span><\/strong><\/p>\n<div style=\"font-size: 12px; font-weight: inherit; font-family: arial; text-align: center; margin: 0px; padding: 0px; border: 0px currentcolor; vertical-align: baseline;\">\n<div style=\"font-family: arial, helvetica, sans-serif; font-size: 13px; text-align: left;\">\n<div>\n<div><span style=\"font-size: 22px;\">1: Standard 3.0 Bluetooth solution<\/span><\/div>\n<div>\u00a0<\/div>\n<div><span style=\"font-size: 22px;\">2: Effective distance 10 meters<\/span><\/div>\n<div>\u00a0<\/div>\n<div><span style=\"font-size: 22px;\">3: Standby time: 100 days<\/span><\/div>\n<div>\u00a0<\/div>\n<div><span style=\"font-size: 22px;\">4: Continuous working time: 70 hours<\/span><\/div>\n<div>\u00a0<\/div>\n<div><span style=\"font-size: 22px;\">5: Charging time: 1-2 hours<\/span><\/div>\n<div>\u00a0<\/div>\n<div><span style=\"font-size: 22px;\">6: Lithium battery capacity: 200mha<\/span><\/div>\n<div>\u00a0<\/div>\n<div><span style=\"font-size: 22px;\">7: Lithium battery life: 3 years<\/span><\/div>\n<div>\u00a0<\/div>\n<div><span style=\"font-size: 22px;\">8: Button life: 500 million times<\/span><\/div>\n<div>\u00a0<\/div>\n<div><span style=\"font-size: 22px;\">9: Available Colors: Black, Gold, Rose Gold<\/span><\/div>\n<\/div>\n<div>\u00a0<\/div>\n<\/div>\n<div style=\"font-weight: inherit; margin: 0px; padding: 0px; border: 0px currentcolor; vertical-align: baseline;\">\n<p style=\"margin: 0px; padding: 0px; text-align: left;\"><strong><span style=\"font-size: 24px;\"><span style=\"font-family: arial, helvetica, sans-serif;\"><span style=\"font-weight: inherit; text-align: center;\">Applicable\u00a0Models:\u00a0<\/span><\/span><\/span><\/strong><\/p>\n<div style=\"text-align: left;\">\u00a0<\/div>\n<div style=\"text-align: left;\"><span style=\"font-size: 22px;\"><strong>For Samsung Galaxy Tab S6 Lite 10.4 inch SM-P610 SM-P615\u00a0<\/strong><\/span><\/div>\n<\/div>\n<\/div>\n<p style=\"font-size: 13px; line-height: inherit; margin: 0px; padding: 0px; border: 0px; font-family: arial, helvetica, sans-serif; vertical-align: baseline;\">\u00a0<\/p>\n<p style=\"font-size: 13px; line-height: inherit; margin: 0px; padding: 0px; border: 0px; font-family: arial, helvetica, sans-serif; vertical-align: baseline;\"><span style=\"font-size: 24px;\"><span style=\"margin: 0px; padding: 0px; border: 0px; font-style: inherit; font-weight: bold; line-height: inherit; vertical-align: baseline;\">Package Content:<\/span><\/span><\/p>\n<ul style=\"font-size: 13.3333px;\">\n<li><span style=\"font-size: 20px;\"><span style=\"margin: 0px; padding: 0px; border: 0px; font-style: inherit; font-weight: inherit; line-height: inherit; font-family: arial; vertical-align: baseline;\">1 x\u00a0Bluetooth keyboard with PU Leather Case<\/span><\/span><\/li>\n<li><span style=\"font-size: 20px;\"><span style=\"margin: 0px; padding: 0px; border: 0px; font-style: inherit; font-weight: inherit; line-height: inherit; font-family: arial; vertical-align: baseline;\">1 x USB Charging Cable<\/span><\/span><\/li>\n<li><span style=\"font-size: 20px;\"><span style=\"margin: 0px; padding: 0px; border: 0px; font-style: inherit; font-weight: inherit; line-height: inherit; font-family: arial; vertical-align: baseline;\">1 x User&#8217;s Manual<\/span><\/span><\/li>\n<li><span style=\"font-size: 20px;\">1 x Stylus\u00a0Pen<\/span><\/li>\n<li><span style=\"font-size: 20px;\">1 x Screen Protector film<\/span><\/li>\n<\/ul>\n<p><img src=\"https:\/\/ae01.alicdn.com\/kf\/H8fb070608294406e9be780d0d5a1a419Y.jpg\" alt=\"Spanish Keyboard\" \/><img src=\"https:\/\/ae01.alicdn.com\/kf\/H8fcae177973b422f813a835295583546r.jpg\" alt=\"Korean Keyboard\" \/><img src=\"https:\/\/ae01.alicdn.com\/kf\/H55dd40b595b84477afaac39744719dd7C.jpg\" alt=\"Russian Keyboard\" \/><img src=\"https:\/\/ae01.alicdn.com\/kf\/Hdff9f190b00d4a33ac4c774d5c59af42C.jpg\" alt=\"Black English Keyboard\" \/><img src=\"https:\/\/ae01.alicdn.com\/kf\/H33728d0d6f4440c085bdced8e8bba5dbw.jpg\" alt=\"White English Keyboard\" \/><\/p>\n<p><img src=\"https:\/\/ae01.alicdn.com\/kf\/HTB1TZQsaizxK1RjSspjq6AS.pXat.jpg\" alt=\"HuaweiM5 10.1  A0C5 (5)\" \/><\/p>\n<p><img src=\"https:\/\/ae01.alicdn.com\/kf\/Hc7936f21893f40148f14c9e89c10fe23F.jpg\" alt=\"\u4e3b\u56fe-5\" \/><img src=\"https:\/\/ae01.alicdn.com\/kf\/H424e9abe0fc9485ba99a003334cc0647d.jpg\" alt=\"\u4e3b\u56fe-2\" \/><img src=\"https:\/\/ae01.alicdn.com\/kf\/Hc74af51d8cdc4f2d9cc0ee6851fbe638w.jpg\" alt=\"\u4e3b\u56fe-4\" \/><img src=\"https:\/\/ae01.alicdn.com\/kf\/H305b1857e34b43d9b5019d5a1f4d78bd9.jpg\" alt=\"\u4e3b\u56fe-3\" \/><\/p>\n<p><img src=\"https:\/\/ae01.alicdn.com\/kf\/HTB1zgspacvrK1Rjy0Feq6ATmVXag.jpg\" alt=\"HuaweiM5 10.1  A0C5 (6)\" \/><img src=\"https:\/\/ae01.alicdn.com\/kf\/HTB193AsahrvK1RjSszeq6yObFXab.jpg\" alt=\"HuaweiM5 10.1  A0C5 (8)\" \/><\/p>\n<p><img src=\"https:\/\/ae01.alicdn.com\/kf\/HTB1kzzkUrvpK1RjSZFqq6AXUVXaj.jpg\" alt=\"HTB1_sakX6DuK1RjSszdq6xGLpXaN\" \/><img src=\"https:\/\/ae01.alicdn.com\/kf\/HTB1fp3Hbvc3T1VjSZPfq6AWHXXaH.jpg\" alt=\"HTB1FeJyKFzqK1RjSZFoq6zfcXXac\" \/><img src=\"https:\/\/ae01.alicdn.com\/kf\/HTB1YW2oUrrpK1RjSZTEq6AWAVXa9.jpg\" alt=\"HTB1RKSeX.vrK1RjSspcq6zzSXXas\" \/><img src=\"https:\/\/ae01.alicdn.com\/kf\/HTB1bNPyUxYaK1RjSZFnq6y80pXax.jpg\" alt=\"HTB1xCGgX5DxK1Rjy1zcq6yGeXXaX\" \/><img src=\"https:\/\/ae01.alicdn.com\/kf\/HTB111beUCzqK1RjSZFLq6An2XXag.jpg\" alt=\"HTB13qpsKRLoK1RjSZFuq6xn0XXaA\" \/><\/p>\n<p><strong style=\"font-size: 36.0px;\">SERVICE:<\/strong><\/p>\n<p><span style=\"font-weight: bold;\"><span style=\"margin: 0.0px; padding: 0.0px; border: 0.0px; font-style: inherit; font-weight: inherit; font-size: 18.0px; line-height: inherit; font-family: georgia , serif; vertical-align: baseline;\">Product quality\u00a0<\/span><\/span><span style=\"margin: 0.0px; padding: 0.0px; border: 0.0px; font-style: inherit; font-weight: inherit; font-size: 18.0px; line-height: inherit; font-family: georgia , serif; vertical-align: baseline;\">\u2013 \u00a0Honest seller sell good quality products ,we 100% sure every product is been tested and checked before sending it .<\/span><\/p>\n<p><span style=\"margin: 0.0px; padding: 0.0px; border: 0.0px; font-style: inherit; font-weight: inherit; font-size: 18.0px; line-height: inherit; vertical-align: baseline;\"><span style=\"margin: 0.0px; padding: 0.0px; border: 0.0px; font-style: inherit; font-weight: inherit; font-size: inherit; line-height: inherit; font-family: georgia , serif; vertical-align: baseline;\"><span style=\"font-weight: bold;\">Shipment<\/span>\u00a0\u2013 \u00a0 We use Aliexpress standard shipping ,DHL,Ups or other shipping way ,you can see the updating tracking message on the platform .If the protection time will be over but you still not get the product,please contact us ,we will check the problem or extend the protection time for you .<\/span><\/span><\/p>\n<p><span style=\"margin: 0.0px; padding: 0.0px; border: 0.0px; font-style: inherit; font-weight: inherit; font-size: 18.0px; line-height: inherit; vertical-align: baseline;\"><span style=\"margin: 0.0px; padding: 0.0px; border: 0.0px; font-style: inherit; font-weight: inherit; font-size: inherit; line-height: inherit; font-family: georgia , serif; vertical-align: baseline;\"><span style=\"font-weight: bold;\">After-sales service\u00a0<\/span>\u2013 \u00a0 \u00a0If the product&#8217;s quality has any problem,welcome to contact us ,we will reply you or\u00a0offer a good solution within 24 hours.<\/span><\/span><\/p>\n<p><span style=\"margin: 0.0px; padding: 0.0px; border: 0.0px; font-style: inherit; font-weight: inherit; font-size: 18.0px; line-height: inherit; vertical-align: baseline;\"><span style=\"margin: 0.0px; padding: 0.0px; border: 0.0px; font-style: inherit; font-weight: inherit; font-size: inherit; line-height: inherit; font-family: georgia , serif; vertical-align: baseline;\">\u00a0<span style=\"font-weight: bold;\">Wholesale or custom\u00a0<\/span>\u00a0\u2013 \u00a0wholesale order will get better price ,we also allow custom order,if you need them ,welcome to contact us .<\/span><\/span><\/p>\n<p><span style=\"font-weight: bold;\"><span style=\"margin: 0.0px; padding: 0.0px; border: 0.0px; font-style: inherit; font-weight: inherit; font-size: 18.0px; line-height: inherit; vertical-align: baseline;\"><span style=\"margin: 0.0px; padding: 0.0px; border: 0.0px; font-style: inherit; font-weight: inherit; font-size: inherit; line-height: inherit; font-family: georgia , serif; vertical-align: baseline;\">Feedback<\/span><\/span><\/span><span style=\"margin: 0.0px; padding: 0.0px; border: 0.0px; font-style: inherit; font-weight: inherit; font-size: 18.0px; line-height: inherit; font-family: georgia , serif; vertical-align: baseline;\">\u00a0\u00a0\u2013 If you love our product and you are willing to show it ,we will appreciate,it will help our new customer to order it and it will encourage us .<\/span><\/p>\n<p><span style=\"margin: 0.0px; padding: 0.0px; border: 0.0px; font-style: inherit; font-weight: inherit; font-size: inherit; line-height: inherit; vertical-align: baseline; color: #ff0000;\"><span style=\"margin: 0.0px; padding: 0.0px; border: 0.0px; font-style: inherit; font-weight: inherit; font-size: 18.0px; line-height: inherit; font-family: georgia , serif; vertical-align: baseline;\">HOPE YOU HAVE A NICE SHOPPING EXPERIENCE,THANKS!<\/span><\/span><\/p>\n<\/div>\n<\/div>\n","protected":false},"excerpt":{"rendered":"<p>Brand Name:\u00a0eAmpang Type:\u00a0With Keyboard Application Laptop Size:\u00a010.4 Origin:\u00a0CN(Origin) Package:\u00a0Yes Model Number:\u00a0Tablet Case for Samsung Galaxy Tab s6 lite 10.4 Pattern Type:\u00a0Solid Width:\u00a015.43cm Compatible Brand:\u00a0For Samsung Style:\u00a0Fashion Model Compatibility:\u00a0Keyboard Case For Samsung SM-P610 SM-P615 Feature:\u00a0Drop resistance Feature:\u00a0Hard Feature:\u00a0Shockproof Feature:\u00a0Anti-Dust Length:\u00a024.45cm Material:\u00a0Leather Universal Gifts:\u00a0Screen Protector Film For Samsung Galaxy Tab s6 lite Compatible for 1:\u00a0Case For Samsung [&hellip;]<\/p>\n","protected":false},"featured_media":0,"comment_status":"open","ping_status":"closed","template":"","meta":[],"yoast_head":"<!-- This site is optimized with the Yoast SEO plugin v15.8 - https:\/\/yoast.com\/wordpress\/plugins\/seo\/ -->\n<title>\u0633\u0627\u0645\u0633\u0648\u0646\u062c \u062c\u0644\u0627\u0643\u0633\u064a - \u0645\u062a\u062c\u0631 4<\/title>\n<meta name=\"robots\" content=\"index, follow, max-snippet:-1, max-image-preview:large, max-video-preview:-1\" \/>\n<link rel=\"canonical\" href=\"https:\/\/almnssa.com\/store4\/product\/case-for-samsung-galaxy-tab-s6-lite-10-4-with-keyboard-sm-p610-sm-p615-p610-p615-cover-funda-for-samsung-s6-lite-10-4-gifts\/\" \/>\n<meta property=\"og:locale\" content=\"ar_AR\" \/>\n<meta property=\"og:type\" content=\"article\" \/>\n<meta property=\"og:title\" content=\"\u0633\u0627\u0645\u0633\u0648\u0646\u062c \u062c\u0644\u0627\u0643\u0633\u064a - \u0645\u062a\u062c\u0631 4\" \/>\n<meta property=\"og:description\" content=\"Brand Name:\u00a0eAmpang Type:\u00a0With Keyboard Application Laptop Size:\u00a010.4 Origin:\u00a0CN(Origin) Package:\u00a0Yes Model Number:\u00a0Tablet Case for Samsung Galaxy Tab s6 lite 10.4 Pattern Type:\u00a0Solid Width:\u00a015.43cm Compatible Brand:\u00a0For Samsung Style:\u00a0Fashion Model Compatibility:\u00a0Keyboard Case For Samsung SM-P610 SM-P615 Feature:\u00a0Drop resistance Feature:\u00a0Hard Feature:\u00a0Shockproof Feature:\u00a0Anti-Dust Length:\u00a024.45cm Material:\u00a0Leather Universal Gifts:\u00a0Screen Protector Film For Samsung Galaxy Tab s6 lite Compatible for 1:\u00a0Case For Samsung [&hellip;]\" \/>\n<meta property=\"og:url\" content=\"https:\/\/almnssa.com\/store4\/product\/case-for-samsung-galaxy-tab-s6-lite-10-4-with-keyboard-sm-p610-sm-p615-p610-p615-cover-funda-for-samsung-s6-lite-10-4-gifts\/\" \/>\n<meta property=\"og:site_name\" content=\"\u0645\u062a\u062c\u0631 4\" \/>\n<meta property=\"article:modified_time\" content=\"2020-12-02T11:09:30+00:00\" \/>\n<meta property=\"og:image\" content=\"https:\/\/ae01.alicdn.com\/kf\/He5e729a3420144e08d55796c7e21765eJ.jpg\" \/>\n<meta name=\"twitter:card\" content=\"summary_large_image\" \/>\n<meta name=\"twitter:label1\" content=\"\u0648\u0642\u062a \u0627\u0644\u0642\u0631\u0627\u0621\u0629 \u0627\u0644\u0645\u064f\u0642\u062f\u0651\u0631\">\n\t<meta name=\"twitter:data1\" content=\"3 \u062f\u0642\u0627\u0626\u0642\">\n<script type=\"application\/ld+json\" class=\"yoast-schema-graph\">{\"@context\":\"https:\/\/schema.org\",\"@graph\":[{\"@type\":\"WebSite\",\"@id\":\"https:\/\/almnssa.com\/store4\/#website\",\"url\":\"https:\/\/almnssa.com\/store4\/\",\"name\":\"\\u0645\\u062a\\u062c\\u0631 4\",\"description\":\"\\u0645\\u0648\\u0642\\u0639 \\u0622\\u062e\\u0631 \\u0641\\u064a \\u0627\\u0644\\u0645\\u0646\\u0635\\u0629 \\u0627\\u0644\\u0639\\u0631\\u0628\\u064a\\u0629\",\"potentialAction\":[{\"@type\":\"SearchAction\",\"target\":\"https:\/\/almnssa.com\/store4\/?s={search_term_string}\",\"query-input\":\"required name=search_term_string\"}],\"inLanguage\":\"ar\"},{\"@type\":\"ImageObject\",\"@id\":\"https:\/\/almnssa.com\/store4\/product\/case-for-samsung-galaxy-tab-s6-lite-10-4-with-keyboard-sm-p610-sm-p615-p610-p615-cover-funda-for-samsung-s6-lite-10-4-gifts\/#primaryimage\",\"inLanguage\":\"ar\",\"url\":\"https:\/\/ae01.alicdn.com\/kf\/He5e729a3420144e08d55796c7e21765eJ.jpg\"},{\"@type\":\"WebPage\",\"@id\":\"https:\/\/almnssa.com\/store4\/product\/case-for-samsung-galaxy-tab-s6-lite-10-4-with-keyboard-sm-p610-sm-p615-p610-p615-cover-funda-for-samsung-s6-lite-10-4-gifts\/#webpage\",\"url\":\"https:\/\/almnssa.com\/store4\/product\/case-for-samsung-galaxy-tab-s6-lite-10-4-with-keyboard-sm-p610-sm-p615-p610-p615-cover-funda-for-samsung-s6-lite-10-4-gifts\/\",\"name\":\"\\u0633\\u0627\\u0645\\u0633\\u0648\\u0646\\u062c \\u062c\\u0644\\u0627\\u0643\\u0633\\u064a - \\u0645\\u062a\\u062c\\u0631 4\",\"isPartOf\":{\"@id\":\"https:\/\/almnssa.com\/store4\/#website\"},\"primaryImageOfPage\":{\"@id\":\"https:\/\/almnssa.com\/store4\/product\/case-for-samsung-galaxy-tab-s6-lite-10-4-with-keyboard-sm-p610-sm-p615-p610-p615-cover-funda-for-samsung-s6-lite-10-4-gifts\/#primaryimage\"},\"datePublished\":\"2020-11-25T19:22:53+00:00\",\"dateModified\":\"2020-12-02T11:09:30+00:00\",\"breadcrumb\":{\"@id\":\"https:\/\/almnssa.com\/store4\/product\/case-for-samsung-galaxy-tab-s6-lite-10-4-with-keyboard-sm-p610-sm-p615-p610-p615-cover-funda-for-samsung-s6-lite-10-4-gifts\/#breadcrumb\"},\"inLanguage\":\"ar\",\"potentialAction\":[{\"@type\":\"ReadAction\",\"target\":[\"https:\/\/almnssa.com\/store4\/product\/case-for-samsung-galaxy-tab-s6-lite-10-4-with-keyboard-sm-p610-sm-p615-p610-p615-cover-funda-for-samsung-s6-lite-10-4-gifts\/\"]}]},{\"@type\":\"BreadcrumbList\",\"@id\":\"https:\/\/almnssa.com\/store4\/product\/case-for-samsung-galaxy-tab-s6-lite-10-4-with-keyboard-sm-p610-sm-p615-p610-p615-cover-funda-for-samsung-s6-lite-10-4-gifts\/#breadcrumb\",\"itemListElement\":[{\"@type\":\"ListItem\",\"position\":1,\"item\":{\"@type\":\"WebPage\",\"@id\":\"https:\/\/almnssa.com\/store4\/shop\/?lang=ar\",\"url\":\"https:\/\/almnssa.com\/store4\/shop\/?lang=ar\",\"name\":\"\\u0627\\u0644\\u0645\\u062a\\u062c\\u0631\"}},{\"@type\":\"ListItem\",\"position\":2,\"item\":{\"@type\":\"WebPage\",\"@id\":\"https:\/\/almnssa.com\/store4\/product\/case-for-samsung-galaxy-tab-s6-lite-10-4-with-keyboard-sm-p610-sm-p615-p610-p615-cover-funda-for-samsung-s6-lite-10-4-gifts\/\",\"url\":\"https:\/\/almnssa.com\/store4\/product\/case-for-samsung-galaxy-tab-s6-lite-10-4-with-keyboard-sm-p610-sm-p615-p610-p615-cover-funda-for-samsung-s6-lite-10-4-gifts\/\",\"name\":\"\\u0633\\u0627\\u0645\\u0633\\u0648\\u0646\\u062c \\u062c\\u0644\\u0627\\u0643\\u0633\\u064a\"}}]}]}<\/script>\n<!-- \/ Yoast SEO plugin. -->","_links":{"self":[{"href":"https:\/\/almnssa.com\/store4\/ar\/wp-json\/wp\/v2\/product\/3454"}],"collection":[{"href":"https:\/\/almnssa.com\/store4\/ar\/wp-json\/wp\/v2\/product"}],"about":[{"href":"https:\/\/almnssa.com\/store4\/ar\/wp-json\/wp\/v2\/types\/product"}],"replies":[{"embeddable":true,"href":"https:\/\/almnssa.com\/store4\/ar\/wp-json\/wp\/v2\/comments?post=3454"}],"version-history":[{"count":0,"href":"https:\/\/almnssa.com\/store4\/ar\/wp-json\/wp\/v2\/product\/3454\/revisions"}],"wp:attachment":[{"href":"https:\/\/almnssa.com\/store4\/ar\/wp-json\/wp\/v2\/media?parent=3454"}],"curies":[{"name":"wp","href":"https:\/\/api.w.org\/{rel}","templated":true}]}}